{"id":989583,"date":"2014-04-23T10:38:38","date_gmt":"2014-04-23T07:38:38","guid":{"rendered":"https:\/\/orientbg.com\/about\/"},"modified":"2023-04-23T18:06:10","modified_gmt":"2023-04-23T15:06:10","slug":"about","status":"publish","type":"page","link":"https:\/\/orientbg.com\/en\/about\/","title":{"rendered":"About"},"content":{"rendered":"<div class=\"row \"><div class=\"vamtam-grid grid-1-1  vamtam-first-level grid-1-1  first vamtam-cover-bg has-background extended no-extended-padding\" style=\"\n\t\t\t\tbackground: url( &#039;https:\/\/orientbg.com\/wp-content\/uploads\/2022\/01\/DSC_3351.jpg&#039; )  ;\n\t\t\t\tbackground-size: cover;\n\t\t\tbackground-attachment: fixed;background-color:#292929;padding-top:0.05px;padding-bottom:0.05px;\" id=\"vamtam-column-80cf670e6b3fbbd2792f46de35f1081d\"  data-padding-top=\"-1\" data-padding-bottom=\"-1\"><div class=\"limit-wrapper\"><div class=\"extended-column-inner\"><style>#vamtam-column-80cf670e6b3fbbd2792f46de35f1081d,#vamtam-column-80cf670e6b3fbbd2792f46de35f1081d p,#vamtam-column-80cf670e6b3fbbd2792f46de35f1081d em,#vamtam-column-80cf670e6b3fbbd2792f46de35f1081d h1,#vamtam-column-80cf670e6b3fbbd2792f46de35f1081d h2,#vamtam-column-80cf670e6b3fbbd2792f46de35f1081d h3,#vamtam-column-80cf670e6b3fbbd2792f46de35f1081d h4,#vamtam-column-80cf670e6b3fbbd2792f46de35f1081d h5,#vamtam-column-80cf670e6b3fbbd2792f46de35f1081d h6,#vamtam-column-80cf670e6b3fbbd2792f46de35f1081d h1 a:not(:hover),#vamtam-column-80cf670e6b3fbbd2792f46de35f1081d h2 a:not(:hover),#vamtam-column-80cf670e6b3fbbd2792f46de35f1081d h3 a:not(:hover),#vamtam-column-80cf670e6b3fbbd2792f46de35f1081d h4 a:not(:hover),#vamtam-column-80cf670e6b3fbbd2792f46de35f1081d h5 a:not(:hover),#vamtam-column-80cf670e6b3fbbd2792f46de35f1081d h6 a:not(:hover),#vamtam-column-80cf670e6b3fbbd2792f46de35f1081d .column-title,#vamtam-column-80cf670e6b3fbbd2792f46de35f1081d .sep-text h2.regular-title-wrapper,#vamtam-column-80cf670e6b3fbbd2792f46de35f1081d .text-divider-double,#vamtam-column-80cf670e6b3fbbd2792f46de35f1081d .sep-text .sep-text-line,#vamtam-column-80cf670e6b3fbbd2792f46de35f1081d .sep,#vamtam-column-80cf670e6b3fbbd2792f46de35f1081d .sep-2,#vamtam-column-80cf670e6b3fbbd2792f46de35f1081d .sep-3,#vamtam-column-80cf670e6b3fbbd2792f46de35f1081d .portfolio-filters .inner-wrapper .cbp-filter-item,#vamtam-column-80cf670e6b3fbbd2792f46de35f1081d .portfolio-filters .inner-wrapper .cbp-filter-item:hover,#vamtam-column-80cf670e6b3fbbd2792f46de35f1081d .portfolio-filters .inner-wrapper .cbp-filter-item.cbp-filter-item-active,#vamtam-column-80cf670e6b3fbbd2792f46de35f1081d td,#vamtam-column-80cf670e6b3fbbd2792f46de35f1081d th,#vamtam-column-80cf670e6b3fbbd2792f46de35f1081d caption{color:#f5f5f5;}<\/style><div class=\"row \"><div class=\"vamtam-grid grid-1-1  grid-1-1  first unextended no-extended-padding\" style=\"padding-top:0.05px;padding-bottom:0.05px;\" id=\"vamtam-column-d572f5fa2ab25bdb934129c195041eae\" ><div style=\"display: flex; justify-content: center; align-items: center; flex-direction: column; height: 100vh; max-height: 100vh;\">\n<h2 style=\"text-align: center;\">Our story<\/h2>\n<span class=\"vamtam-blank-space \" style=\"height:20px\"><\/span>\n<a class=\"vamtam-animated-page-scroll\" href=\"#intro\"><img decoding=\"async\" class=\"aligncenter size-large wp-image-11807\" src=\"https:\/\/orientbg.com\/wp-content\/themes\/vip-restaurant\/samples\/images\/arrow-long-down.svg\" alt=\"arrow-long-down\" \/><\/a><\/p>\n<\/div><\/div><\/div><\/div><\/div><\/div><\/div>\n<div class=\"row \"><div class=\"vamtam-grid grid-1-1  vamtam-first-level grid-1-1 vamtam-add-ornaments-top first has-background has-horizontal-padding extended no-extended-padding\" style=\"background-color:#F5F3F0;padding-top:60px;padding-bottom:70px;padding-left:225px;padding-right:225px;\" id=\"intro\" ><div class=\"limit-wrapper\"><div class=\"extended-column-inner\"><style>#intro,#intro p,#intro em,#intro h1,#intro h2,#intro h3,#intro h4,#intro h5,#intro h6,#intro h1 a:not(:hover),#intro h2 a:not(:hover),#intro h3 a:not(:hover),#intro h4 a:not(:hover),#intro h5 a:not(:hover),#intro h6 a:not(:hover),#intro .column-title,#intro .sep-text h2.regular-title-wrapper,#intro .text-divider-double,#intro .sep-text .sep-text-line,#intro .sep,#intro .sep-2,#intro .sep-3,#intro .portfolio-filters .inner-wrapper .cbp-filter-item,#intro .portfolio-filters .inner-wrapper .cbp-filter-item:hover,#intro .portfolio-filters .inner-wrapper .cbp-filter-item.cbp-filter-item-active,#intro td,#intro th,#intro caption{color:#272727;}#intro:before{background-color:#f5f3f0;}<\/style><div class=\"row \"><div class=\"vamtam-grid grid-1-1  grid-1-1  first unextended no-extended-padding\" style=\"padding-top:0.05px;padding-bottom:0.05px;\" id=\"vamtam-column-147e04d4eb51c2b0ed59ab0d228f23ed\" ><p style=\"text-align: center;\">\u2748<\/p><\/div><\/div>\n<div class=\"vamtam-blank-space  vamtam-hide-lowres\" style=\"height:20px\"><\/div>\n<div class=\"row \"><div class=\"vamtam-grid grid-1-1  grid-1-1  first unextended no-extended-padding\" style=\"padding-top:0.05px;padding-bottom:0.05px;\" id=\"vamtam-column-365554792c39523172c87a49a274d64f\" ><h4 style=\"text-align: center;\"><span data-sheets-value=\"{\" data-sheets-userformat=\"{\" data-sheets-textstyleruns=\"{\">Restaurant Orient opened its doors in 1992. In the beginning, it started as a fast food restaurant. This is the place where, for the first time in Varna, d\u00f6ner kebab and a real charcoal grill are offered. Subsequently, the restaurant expanded and modernized until it became a favorite and preferred place..<\/span><\/h4>\n<h4 style=\"text-align: center;\"><\/h4><\/div><\/div>\n<div class=\"vamtam-blank-space  vamtam-hide-lowres\" style=\"height:20px\"><\/div>\n<div class=\"row \"><div class=\"vamtam-grid grid-1-1  grid-1-1  first unextended no-extended-padding\" style=\"padding-top:0.05px;padding-bottom:0.05px;\" id=\"vamtam-column-a7cf952f96fd2625c4c1b06ffee1b6db\" ><p style=\"text-align: center;\">\u2748<\/p><\/div><\/div><\/div><\/div><\/div><\/div>\n<div class=\"row \"><div class=\"vamtam-grid grid-1-1  vamtam-first-level grid-1-1 vamtam-add-ornaments-all first has-background extended no-extended-padding\" style=\"background-color:#ffffff;padding-top:80px;padding-bottom:80px;\" id=\"vamtam-column-f9d14736463a23a4c653242b76eceb78\" ><div class=\"limit-wrapper\"><div class=\"extended-column-inner\"><style>#vamtam-column-f9d14736463a23a4c653242b76eceb78,#vamtam-column-f9d14736463a23a4c653242b76eceb78 p,#vamtam-column-f9d14736463a23a4c653242b76eceb78 em,#vamtam-column-f9d14736463a23a4c653242b76eceb78 h1,#vamtam-column-f9d14736463a23a4c653242b76eceb78 h2,#vamtam-column-f9d14736463a23a4c653242b76eceb78 h3,#vamtam-column-f9d14736463a23a4c653242b76eceb78 h4,#vamtam-column-f9d14736463a23a4c653242b76eceb78 h5,#vamtam-column-f9d14736463a23a4c653242b76eceb78 h6,#vamtam-column-f9d14736463a23a4c653242b76eceb78 h1 a:not(:hover),#vamtam-column-f9d14736463a23a4c653242b76eceb78 h2 a:not(:hover),#vamtam-column-f9d14736463a23a4c653242b76eceb78 h3 a:not(:hover),#vamtam-column-f9d14736463a23a4c653242b76eceb78 h4 a:not(:hover),#vamtam-column-f9d14736463a23a4c653242b76eceb78 h5 a:not(:hover),#vamtam-column-f9d14736463a23a4c653242b76eceb78 h6 a:not(:hover),#vamtam-column-f9d14736463a23a4c653242b76eceb78 .column-title,#vamtam-column-f9d14736463a23a4c653242b76eceb78 .sep-text h2.regular-title-wrapper,#vamtam-column-f9d14736463a23a4c653242b76eceb78 .text-divider-double,#vamtam-column-f9d14736463a23a4c653242b76eceb78 .sep-text .sep-text-line,#vamtam-column-f9d14736463a23a4c653242b76eceb78 .sep,#vamtam-column-f9d14736463a23a4c653242b76eceb78 .sep-2,#vamtam-column-f9d14736463a23a4c653242b76eceb78 .sep-3,#vamtam-column-f9d14736463a23a4c653242b76eceb78 .portfolio-filters .inner-wrapper .cbp-filter-item,#vamtam-column-f9d14736463a23a4c653242b76eceb78 .portfolio-filters .inner-wrapper .cbp-filter-item:hover,#vamtam-column-f9d14736463a23a4c653242b76eceb78 .portfolio-filters .inner-wrapper .cbp-filter-item.cbp-filter-item-active,#vamtam-column-f9d14736463a23a4c653242b76eceb78 td,#vamtam-column-f9d14736463a23a4c653242b76eceb78 th,#vamtam-column-f9d14736463a23a4c653242b76eceb78 caption{color:#333;}#vamtam-column-f9d14736463a23a4c653242b76eceb78:before{background-color:#fff;}#vamtam-column-f9d14736463a23a4c653242b76eceb78:after{background-color:#fff;}<\/style><div class=\"row \"><div class=\"vamtam-grid grid-1-2  grid-1-2  first unextended animation-fade-in animated-active no-extended-padding\" style=\"padding-top:0.05px;padding-bottom:0.05px;\" id=\"vamtam-column-14325667004e309de7a1171553335f75\" ><h4 class=\"color-accent-1\" style=\"text-align: center;\"><\/h4>\n<p style=\"text-align: center;\"><span data-sheets-value=\"{\" data-sheets-userformat=\"{\" data-sheets-textstyleruns=\"{\">Currently, the establishment has 60 seats and a summer garden. The staff is highly qualified, fluent in several foreign languages. In restaurant Orient every customer can enjoy the pleasure of food in a pleasant and cozy environment.<\/span><\/p><\/div>\n<div class=\"vamtam-grid grid-1-2  grid-1-2  unextended animation-fade-in animated-active no-extended-padding\" style=\"padding-top:0.05px;padding-bottom:0.05px;\" id=\"vamtam-column-8a0e0c18689805148aa72eaf0d78b985\" ><p style=\"text-align: center;\"><span data-sheets-value=\"{\" data-sheets-userformat=\"{\" data-sheets-textstyleruns=\"{\">The restaurant offers authentic dishes from the oriental cuisine and an extraordinary variety of tastes such as: d\u00fcner kebab, charcoal grill, fish dishes, whole roast lamb, rabbit or turkey. Turkish desserts such as: baklava, kadaif, k\u00fcnefe and many more. And of course, the obligatory Turkish tea after lunch or dinner.<\/span><\/p><\/div><\/div><\/div><\/div><\/div><\/div>\n<div class=\"row \"><div class=\"vamtam-grid grid-1-1  vamtam-first-level grid-1-1  first has-background extended no-extended-padding\" style=\"background-color:#22272d;padding-top:0.05px;padding-bottom:0.05px;\" id=\"vamtam-column-370d464a85a35af86d16d7ee1fa23e01\" ><div class=\"limit-wrapper\"><div class=\"extended-column-inner\"><style>#vamtam-column-370d464a85a35af86d16d7ee1fa23e01,#vamtam-column-370d464a85a35af86d16d7ee1fa23e01 p,#vamtam-column-370d464a85a35af86d16d7ee1fa23e01 em,#vamtam-column-370d464a85a35af86d16d7ee1fa23e01 h1,#vamtam-column-370d464a85a35af86d16d7ee1fa23e01 h2,#vamtam-column-370d464a85a35af86d16d7ee1fa23e01 h3,#vamtam-column-370d464a85a35af86d16d7ee1fa23e01 h4,#vamtam-column-370d464a85a35af86d16d7ee1fa23e01 h5,#vamtam-column-370d464a85a35af86d16d7ee1fa23e01 h6,#vamtam-column-370d464a85a35af86d16d7ee1fa23e01 h1 a:not(:hover),#vamtam-column-370d464a85a35af86d16d7ee1fa23e01 h2 a:not(:hover),#vamtam-column-370d464a85a35af86d16d7ee1fa23e01 h3 a:not(:hover),#vamtam-column-370d464a85a35af86d16d7ee1fa23e01 h4 a:not(:hover),#vamtam-column-370d464a85a35af86d16d7ee1fa23e01 h5 a:not(:hover),#vamtam-column-370d464a85a35af86d16d7ee1fa23e01 h6 a:not(:hover),#vamtam-column-370d464a85a35af86d16d7ee1fa23e01 .column-title,#vamtam-column-370d464a85a35af86d16d7ee1fa23e01 .sep-text h2.regular-title-wrapper,#vamtam-column-370d464a85a35af86d16d7ee1fa23e01 .text-divider-double,#vamtam-column-370d464a85a35af86d16d7ee1fa23e01 .sep-text .sep-text-line,#vamtam-column-370d464a85a35af86d16d7ee1fa23e01 .sep,#vamtam-column-370d464a85a35af86d16d7ee1fa23e01 .sep-2,#vamtam-column-370d464a85a35af86d16d7ee1fa23e01 .sep-3,#vamtam-column-370d464a85a35af86d16d7ee1fa23e01 .portfolio-filters .inner-wrapper .cbp-filter-item,#vamtam-column-370d464a85a35af86d16d7ee1fa23e01 .portfolio-filters .inner-wrapper .cbp-filter-item:hover,#vamtam-column-370d464a85a35af86d16d7ee1fa23e01 .portfolio-filters .inner-wrapper .cbp-filter-item.cbp-filter-item-active,#vamtam-column-370d464a85a35af86d16d7ee1fa23e01 td,#vamtam-column-370d464a85a35af86d16d7ee1fa23e01 th,#vamtam-column-370d464a85a35af86d16d7ee1fa23e01 caption{color:#f4f4f4;}<\/style><div class=\"row \"><div class=\"vamtam-grid grid-1-2  grid-1-2  first has-background unextended animation-fade-in animated-active no-extended-padding\" style=\"\n\t\t\t\tbackground: url( &#039;https:\/\/orientbg.com\/wp-content\/uploads\/2022\/01\/chef-dark-from-vantam-theme-for-orient.jpeg&#039; ) no-repeat center top;\n\t\t\t\tbackground-size: auto;\n\t\t\tbackground-attachment: scroll;padding-top:0.05px;padding-bottom:0.05px;\" id=\"vamtam-column-8bed1a9c2f793b70b672e9ee416fe966\" ><\/div>\n<div class=\"vamtam-grid grid-1-2  grid-1-2  unextended animation-fade-in animated-active no-extended-padding\" style=\"padding-top:0.05px;padding-bottom:0.05px;\" id=\"vamtam-column-44230b2c1322f0a40871fac58e336b1b\" ><span class=\"vamtam-blank-space \" style=\"height:70px\"><\/span>\n<p style=\"text-align: center;\"><span data-sheets-value=\"{\" data-sheets-userformat=\"{\">With us you will have the opportunity to enjoy traditional oriental cuisine and always fresh food..<\/span><\/p>\n<p style=\"text-align: center;\">Our experienced team will take care of you and your special occasion.<\/p>\n<p style=\"text-align: center;\">Come to the restaurant Orient and see for yourself!<\/p>\n<span class=\"vamtam-blank-space \" style=\"height:20px\"><\/span><\/div><\/div><\/div><\/div><\/div><\/div>\n<div class=\"vamtam-blank-space \" style=\"height:30px\"><\/div>\n<div class=\"vamtam-blank-space  vamtam-hide-lowres\" style=\"height:60px\"><\/div>\n<div class=\"limit-wrapper\"><div class=\"row \"><div class=\"vamtam-grid grid-1-1  vamtam-first-level grid-1-1  first has-horizontal-padding unextended no-extended-padding\" style=\"padding-top:0.05px;padding-bottom:0.05px;padding-left:125px;padding-right:125px;\" id=\"vamtam-column-72539381962a1f546fcf24ba28e20482\" ><div class=\"row \"><div class=\"vamtam-grid grid-1-1  grid-1-1  first unextended animation-fade-in animated-active no-extended-padding\" style=\"padding-top:0.05px;padding-bottom:0.05px;\" id=\"vamtam-column-c673df8bd98e726656762c1f495d2c7e\" ><div class=\"vamtam-cubeportfolio cbp cbp-slider-edge vamtam-testimonials-slider\" data-options=\"{&quot;layoutMode&quot;:&quot;slider&quot;,&quot;drag&quot;:true,&quot;auto&quot;:false,&quot;autoTimeout&quot;:5000,&quot;autoPauseOnHover&quot;:true,&quot;showNavigation&quot;:false,&quot;showPagination&quot;:true,&quot;rewindNav&quot;:true,&quot;scrollByPage&quot;:false,&quot;gridAdjustment&quot;:&quot;responsive&quot;,&quot;mediaQueries&quot;:[{&quot;width&quot;:1,&quot;cols&quot;:1}],&quot;gapHorizontal&quot;:0,&quot;gapVertical&quot;:0,&quot;caption&quot;:&quot;&quot;,&quot;displayType&quot;:&quot;default&quot;}\"><div class=\"cbp-item\"><blockquote class='clearfix small simple post-10969 jetpack-testimonial type-jetpack-testimonial status-publish hentry'><div class='quote-text'><div class=\"quote-title-wrapper clearfix\"><div class='quote-title'><span class='icon shortcode   use-hover' style='color:#F8DF04;'>&#57863;<\/span><span class='icon shortcode   use-hover' style='color:#F8DF04;'>&#57863;<\/span><span class='icon shortcode   use-hover' style='color:#F8DF04;'>&#57863;<\/span><span class='icon shortcode   use-hover' style='color:#F8DF04;'>&#57863;<\/span><span class='icon shortcode   use-hover' style='color:#F8DF04;'>&#57863;<\/span> &mdash; <span class='the-title'>Yossi Shasho<\/span><\/div><\/div><div class=\"quote-content\">Great vegan meal.<br \/>\nWe ordered the tabule, Bread, salad assortment (had some cheese), vegan kofta, falafel and green peppers with red sauce. More than enough food for two hungry vegan guys. Everything was tasty.<\/div>\n<\/div><\/blockquote><\/div><div class=\"cbp-item\"><blockquote class='clearfix small simple post-10970 jetpack-testimonial type-jetpack-testimonial status-publish hentry'><div class='quote-text'><h4 class=\"quote-summary\"> <\/h4><div class=\"quote-title-wrapper clearfix\"><div class='quote-title'><span class='icon shortcode   use-hover' style='color:#F8DF04;'>&#57863;<\/span><span class='icon shortcode   use-hover' style='color:#F8DF04;'>&#57863;<\/span><span class='icon shortcode   use-hover' style='color:#F8DF04;'>&#57863;<\/span><span class='icon shortcode   use-hover' style='color:#F8DF04;'>&#57863;<\/span><span class='icon shortcode   use-hover' style='color:#F8DF04;'>&#57863;<\/span> &mdash; <span class='the-title'>Rosalie Boone<\/span><\/div><\/div><div class=\"quote-content\">I had an amazing breakfast here! Worth going!<\/div>\n<\/div><\/blockquote><\/div><div class=\"cbp-item\"><blockquote class='clearfix small simple post-10971 jetpack-testimonial type-jetpack-testimonial status-publish hentry'><div class='quote-text'><div class=\"quote-title-wrapper clearfix\"><div class='quote-title'><span class='icon shortcode   use-hover' style='color:#F8DF04;'>&#57863;<\/span><span class='icon shortcode   use-hover' style='color:#F8DF04;'>&#57863;<\/span><span class='icon shortcode   use-hover' style='color:#F8DF04;'>&#57863;<\/span><span class='icon shortcode   use-hover' style='color:#F8DF04;'>&#57863;<\/span><span class='icon shortcode   use-hover' style='color:#F8DF04;'>&#57863;<\/span> &mdash; <span class='the-title'>Nutty Tart<\/span><\/div><\/div><div class=\"quote-content\">If you crave turkish food in Varna- this is the place! The meat is delicious- perfectly seasoned and cooked, the vegetables are always fresh. I know for sure that they deliver their ingredients from Turkey, so the taste is as close as it can be. The bread and pides are amazing, just order one, you'll not be sorry! Try: adana, iskender, karasik izgara, pide, lahmacun, ayran or\/and beer Efes and if you still have space- k\u00f6nefe \ud83d\ude00 The portions might be small for Bulgarian pizzarias but are completely normal for Turkish restaurants. Sitting inside is a little hot but outside is very pleasant. One of my favourite places from years!<\/div>\n<\/div><\/blockquote><\/div><div class=\"cbp-item\"><blockquote class='clearfix small simple post-10972 jetpack-testimonial type-jetpack-testimonial status-publish hentry'><div class='quote-text'><div class=\"quote-title-wrapper clearfix\"><div class='quote-title'><span class='icon shortcode   use-hover' style='color:#F8DF04;'>&#57863;<\/span><span class='icon shortcode   use-hover' style='color:#F8DF04;'>&#57863;<\/span><span class='icon shortcode   use-hover' style='color:#F8DF04;'>&#57863;<\/span><span class='icon shortcode   use-hover' style='color:#F8DF04;'>&#57863;<\/span><span class='icon shortcode   use-hover' style='color:#F8DF04;'>&#57863;<\/span> &mdash; <span class='the-title'>Jonathan Vermote<\/span><\/div><\/div><div class=\"quote-content\">Best Turkish restaurant in Bulgaria so far. And I tried a few ones here. One in sveti vlas, few in Sofia. But this is the best for me. Came 2 times in 3days.<\/div>\n<\/div><\/blockquote><\/div><div class=\"cbp-item\"><blockquote class='clearfix small simple post-10973 jetpack-testimonial type-jetpack-testimonial status-publish hentry'><div class='quote-text'><div class=\"quote-title-wrapper clearfix\"><div class='quote-title'><span class='icon shortcode   use-hover' style='color:#F8DF04;'>&#57863;<\/span><span class='icon shortcode   use-hover' style='color:#F8DF04;'>&#57863;<\/span><span class='icon shortcode   use-hover' style='color:#F8DF04;'>&#57863;<\/span><span class='icon shortcode   use-hover' style='color:#F8DF04;'>&#57863;<\/span><span class='icon shortcode   use-hover' style='color:#F8DF04;'>&#57863;<\/span> &mdash; <span class='the-title'>Even<\/span><\/div><\/div><div class=\"quote-content\">This restaurant invokes good memories of my many visits to Turkey. They've got the usual suspects \u2013 \u0161i\u0161 kebab, d\u00f6ner, adana, mixed grill, balon ekmek, various fresh salads and a whole lot more. During peak hours it can be quite crowded and as a result the service might be slow, but despite this it is still one of the best restaurants we tried during our visit to Varna.<\/div>\n<\/div><\/blockquote><\/div><div class=\"cbp-item\"><blockquote class='clearfix small simple post-10974 jetpack-testimonial type-jetpack-testimonial status-publish hentry'><div class='quote-text'><div class=\"quote-title-wrapper clearfix\"><div class='quote-title'><span class='icon shortcode   use-hover' style='color:#F8DF04;'>&#57863;<\/span><span class='icon shortcode   use-hover' style='color:#F8DF04;'>&#57863;<\/span><span class='icon shortcode   use-hover' style='color:#F8DF04;'>&#57863;<\/span><span class='icon shortcode   use-hover' style='color:#F8DF04;'>&#57863;<\/span><span class='icon shortcode   use-hover' style='color:#F8DF04;'>&#57863;<\/span> &mdash; <span class='the-title'>Preslav Nikov<\/span><\/div><\/div><div class=\"quote-content\">Best Turkish food in town. Truly delicious dishes.  Service can be slow sometimes but the food makes up for it.<\/div>\n<\/div><\/blockquote><\/div><div class=\"cbp-item\"><blockquote class='clearfix small simple post-10975 jetpack-testimonial type-jetpack-testimonial status-publish hentry'><div class='quote-text'><div class=\"quote-title-wrapper clearfix\"><div class='quote-title'><span class='icon shortcode   use-hover' style='color:#F8DF04;'>&#57863;<\/span><span class='icon shortcode   use-hover' style='color:#F8DF04;'>&#57863;<\/span><span class='icon shortcode   use-hover' style='color:#F8DF04;'>&#57863;<\/span><span class='icon shortcode   use-hover' style='color:#F8DF04;'>&#57863;<\/span><span class='icon shortcode   use-hover' style='color:#F8DF04;'>&#57863;<\/span> &mdash; <span class='the-title'>Ana Centea<\/span><\/div><\/div><div class=\"quote-content\">Very flavored & juicy food. Food has an amazing flavor and the service is very good. One day we also ordered using take away with personal pick up, they were on time with the food and food was warm. Would recommend.<\/div>\n<\/div><\/blockquote><\/div><div class=\"cbp-item\"><blockquote class='clearfix small simple post-10976 jetpack-testimonial type-jetpack-testimonial status-publish hentry'><div class='quote-text'><div class=\"quote-title-wrapper clearfix\"><div class='quote-title'><span class='icon shortcode   use-hover' style='color:#F8DF04;'>&#57863;<\/span><span class='icon shortcode   use-hover' style='color:#F8DF04;'>&#57863;<\/span><span class='icon shortcode   use-hover' style='color:#F8DF04;'>&#57863;<\/span><span class='icon shortcode   use-hover' style='color:#F8DF04;'>&#57863;<\/span><span class='icon shortcode   use-hover' style='color:#F8DF04;'>&#57863;<\/span> &mdash; <span class='the-title'>Yoanna Ivanova<\/span><\/div><\/div><div class=\"quote-content\">The food is delicious and it arrived very quickly. The prices are reasonable and the staff is polite. Unfortunately a lot of the dishes were not available as the oven was not working during our visit. Nevertheless a good place for dinner<\/div>\n<\/div><\/blockquote><\/div><div class=\"cbp-item\"><blockquote class='clearfix small simple post-10977 jetpack-testimonial type-jetpack-testimonial status-publish hentry'><div class='quote-text'><div class=\"quote-title-wrapper clearfix\"><div class='quote-title'><span class='icon shortcode   use-hover' style='color:#F8DF04;'>&#57863;<\/span><span class='icon shortcode   use-hover' style='color:#F8DF04;'>&#57863;<\/span><span class='icon shortcode   use-hover' style='color:#F8DF04;'>&#57863;<\/span><span class='icon shortcode   use-hover' style='color:#F8DF04;'>&#57863;<\/span><span class='icon shortcode   use-hover' style='color:#F8DF04;'>&#57863;<\/span> &mdash; <span class='the-title'>Ognyan Nedelchev<\/span><\/div><\/div><div class=\"quote-content\">Very nice and authentic traditional turkish restaurant in the center of Varna. I am not sure but I think it is the oldest of its kind in Varna. Friendly staff and nice selection of turkish dishes at a good price. I recommend it!<\/div>\n<\/div><\/blockquote><\/div><div class=\"cbp-item\"><blockquote class='clearfix small simple post-10978 jetpack-testimonial type-jetpack-testimonial status-publish hentry'><div class='quote-text'><div class=\"quote-title-wrapper clearfix\"><div class='quote-title'><span class='icon shortcode   use-hover' style='color:#F8DF04;'>&#57863;<\/span><span class='icon shortcode   use-hover' style='color:#F8DF04;'>&#57863;<\/span><span class='icon shortcode   use-hover' style='color:#F8DF04;'>&#57863;<\/span><span class='icon shortcode   use-hover' style='color:#F8DF04;'>&#57863;<\/span><span class='icon shortcode   use-hover' style='color:#F8DF04;'>&#57863;<\/span> &mdash; <span class='the-title'>Ania<\/span><\/div><\/div><div class=\"quote-content\">Best. Coffee. Ever. We were there in July. Excellent food, great service (one time. The other time it was meh. A lady was as most Bulgarian waiters - not very interested and jaded. But there was also a man, who was the best waiter in the whole Varna - he advised us on a dish choice and small-talked with us a bit, very pleasant man. Because of him (and food ofc) we came back\ud83d\ude02).<\/div>\n<\/div><\/blockquote><\/div><\/div><\/div><\/div><\/div><\/div><\/div>\n<div class=\"vamtam-blank-space  vamtam-hide-lowres\" style=\"height:30px\"><\/div>\n<div class=\"vamtam-blank-space  vamtam-hide-lowres\" style=\"height:60px\"><\/div>\n","protected":false},"excerpt":{"rendered":"<p>Best. Coffee. Ever. We were there in July. Excellent food, great service (one time. The other time it was meh. A lady was as most Bulgarian waiters &#8211; not very interested and jaded. But there was also a man, who&#8230;<\/p>\n","protected":false},"author":1,"featured_media":0,"parent":0,"menu_order":0,"comment_status":"closed","ping_status":"closed","template":"","meta":{"inline_featured_image":false,"footnotes":""},"class_list":["post-989583","page","type-page","status-publish","hentry"],"_links":{"self":[{"href":"https:\/\/orientbg.com\/en\/wp-json\/wp\/v2\/pages\/989583","targetHints":{"allow":["GET"]}}],"collection":[{"href":"https:\/\/orientbg.com\/en\/wp-json\/wp\/v2\/pages"}],"about":[{"href":"https:\/\/orientbg.com\/en\/wp-json\/wp\/v2\/types\/page"}],"author":[{"embeddable":true,"href":"https:\/\/orientbg.com\/en\/wp-json\/wp\/v2\/users\/1"}],"replies":[{"embeddable":true,"href":"https:\/\/orientbg.com\/en\/wp-json\/wp\/v2\/comments?post=989583"}],"version-history":[{"count":5,"href":"https:\/\/orientbg.com\/en\/wp-json\/wp\/v2\/pages\/989583\/revisions"}],"predecessor-version":[{"id":990009,"href":"https:\/\/orientbg.com\/en\/wp-json\/wp\/v2\/pages\/989583\/revisions\/990009"}],"wp:attachment":[{"href":"https:\/\/orientbg.com\/en\/wp-json\/wp\/v2\/media?parent=989583"}],"curies":[{"name":"wp","href":"https:\/\/api.w.org\/{rel}","templated":true}]}}